{"id":14,"date":"2015-03-20T10:12:21","date_gmt":"2015-03-20T10:12:21","guid":{"rendered":"http:\/\/mini-house.dk\/?page_id=14"},"modified":"2017-04-21T10:19:38","modified_gmt":"2017-04-21T10:19:38","slug":"architecture","status":"publish","type":"page","link":"https:\/\/mini-house.dk\/da\/architecture\/","title":{"rendered":"architecture"},"content":{"rendered":"<p><\/p>\n<p class=\"p1\"><span class=\"s1\">Arkitekt til b\u00e6redygtige minihuse, f.eks kolonihavehuse eller sommerhuse.<\/span><\/p>\n<p class=\"p1\"><span class=\"s1\">Virksomheden er etableret i 2005 og har erfaringer fra Tyskland, Holland, Danmark og Norge.<\/span><\/p>\n<p class=\"p1\"><span class=\"s1\">Minihouse samarbejder bl.a. med en leverand\u00f8r af sm\u00e5 bj\u00e6lkehuse. Sm\u00e5 bj\u00e6lkehuse er nemme at samle selv, s\u00e5 det er mulig med et lille budget at bygge sit eget hus. Bj\u00e6lkehuse best\u00e5r af ren grantr\u00e6 og uden forurenende emissioner.<\/span><\/p>\n<p class=\"p1\"><span class=\"s1\">Minihusene kan tegnes helt efter egne \u00f8nsker og m\u00e5l og man kan derfor opn\u00e5 optimal udnyttelse af pladsen.<\/span><\/p>\n<p class=\"p1\"><span class=\"s1\">Minihouse er en enkeltmandsvirksomhed drevet af arkitekt, Susanne Benfer, som med hendes erfaring, hj\u00e6lper dig med alt fra design, b\u00e6redygtighed, projektering og budget.<\/span><\/p>\n<p><\/p>","protected":false},"excerpt":{"rendered":"<p>Arkitekt til b\u00e6redygtige minihuse, f.eks kolonihavehuse eller sommerhuse. Virksomheden er etableret i 2005 og har erfaringer fra Tyskland, Holland, Danmark og Norge. Minihouse samarbejder bl.a. med en leverand\u00f8r af sm\u00e5 bj\u00e6lkehuse. Sm\u00e5 bj\u00e6lkehuse er nemme at samle selv, s\u00e5 det er mulig med et lille budget at bygge sit eget hus. Bj\u00e6lkehuse best\u00e5r af ren [&hellip;]<\/p>\n","protected":false},"author":1,"featured_media":17,"parent":0,"menu_order":0,"comment_status":"open","ping_status":"open","template":"","meta":{"footnotes":""},"class_list":["post-14","page","type-page","status-publish","has-post-thumbnail","czr-hentry"],"jetpack_sharing_enabled":true,"jetpack_shortlink":"https:\/\/wp.me\/P8H86H-e","jetpack-related-posts":[{"id":293,"url":"https:\/\/mini-house.dk\/da\/","url_meta":{"origin":14,"position":0},"title":"arkitekt til b\u00e6redygtige mini huse","author":"Susanne","date":"april 26, 2017","format":false,"excerpt":"mini-house.dk- arkitekt for b\u00e6redygtige minihuse, f.eks kolonihavehuse, sommerhuse, husb\u00e5de eller tilbygninger. \"For at respektere vores planet og g\u00f8re vores v\u00e6sen p\u00e5 jorden lidt mere b\u00e6redygtig er mit m\u00e5l. At bygge b\u00e6redygtige mini huse blev min passion for at komme lidt t\u00e6ttere p\u00e5 dette m\u00e5l.\u201d mini-house samarbejder bl.a. med en leverand\u00f8r\u2026","rel":"","context":"Similar post","block_context":{"text":"Similar post","link":""},"img":{"alt_text":"","src":"","width":0,"height":0},"classes":[]},{"id":706,"url":"https:\/\/mini-house.dk\/da\/projects\/price-list-3\/","url_meta":{"origin":14,"position":1},"title":"prisliste","author":"Susanne","date":"april 1, 2019","format":false,"excerpt":"Hermed en\u00a0 prisliste over mini house's ydelser. G\u00e6lder fra maj 2019 indtil videre. \u00a0 Mini-house tilbyder et gratis og uforpligtende m\u00f8de i \u00c5rhus omr\u00e5de! \u00a0 1. skitseforslag for et minihus op til 40m2 pris 12.500,-kr inkl. moms For\u00e5rstilbud pris 8.500,-kr inkl. moms omfatter de f\u00f8lgende: m\u00f8de online eller personlig 1\u2026","rel":"","context":"Similar post","block_context":{"text":"Similar post","link":""},"img":{"alt_text":"myndighedstegninger","src":"https:\/\/i0.wp.com\/mini-house.dk\/wp-content\/uploads\/2017\/05\/myndighedstegninger2-300x300.png?resize=350%2C200","width":350,"height":200},"classes":[]},{"id":711,"url":"https:\/\/mini-house.dk\/da\/freelance-work-cad-drawings-and-3d-visualizations\/","url_meta":{"origin":14,"position":2},"title":"freelance arbejde &#8211; cad tegninger og 3d visualiseringer","author":"Susanne","date":"april 3, 2019","format":false,"excerpt":"mini-house tilbyder freelance arbejde til cad tegninger og 3d visualiseringer. Baseret p\u00e5 en fast pris pr. projekt eller timel\u00f8n.","rel":"","context":"Similar post","block_context":{"text":"Similar post","link":""},"img":{"alt_text":"","src":"","width":0,"height":0},"classes":[]},{"id":39,"url":"https:\/\/mini-house.dk\/da\/blog\/","url_meta":{"origin":14,"position":3},"title":"blog","author":"Susanne","date":"marts 20, 2015","format":false,"excerpt":"follow us in our blog with recent projects","rel":"","context":"Similar post","block_context":{"text":"Similar post","link":""},"img":{"alt_text":"","src":"","width":0,"height":0},"classes":[]},{"id":688,"url":"https:\/\/mini-house.dk\/da\/projects\/videos\/","url_meta":{"origin":14,"position":4},"title":"videos","author":"Susanne","date":"december 10, 2018","format":false,"excerpt":"https:\/\/www.youtube.com\/watch?v=vXTCPJsxnrg https:\/\/www.youtube.com\/watch?v=x2QLpmMNS90 https:\/\/www.youtube.com\/watch?v=UfcFRg00Jnk","rel":"","context":"Similar post","block_context":{"text":"Similar post","link":""},"img":{"alt_text":"","src":"https:\/\/i0.wp.com\/img.youtube.com\/vi\/vXTCPJsxnrg\/0.jpg?resize=350%2C200","width":350,"height":200},"classes":[]},{"id":264,"url":"https:\/\/mini-house.dk\/da\/projects\/","url_meta":{"origin":14,"position":5},"title":"projekter","author":"Susanne","date":"april 20, 2017","format":false,"excerpt":"","rel":"","context":"Similar post","block_context":{"text":"Similar post","link":""},"img":{"alt_text":"","src":"https:\/\/i0.wp.com\/mini-house.dk\/wp-content\/uploads\/2018\/04\/visualisering_thumb-150x150.jpg?resize=350%2C200","width":350,"height":200},"classes":[]}],"_links":{"self":[{"href":"https:\/\/mini-house.dk\/da\/wp-json\/wp\/v2\/pages\/14","targetHints":{"allow":["GET"]}}],"collection":[{"href":"https:\/\/mini-house.dk\/da\/wp-json\/wp\/v2\/pages"}],"about":[{"href":"https:\/\/mini-house.dk\/da\/wp-json\/wp\/v2\/types\/page"}],"author":[{"embeddable":true,"href":"https:\/\/mini-house.dk\/da\/wp-json\/wp\/v2\/users\/1"}],"replies":[{"embeddable":true,"href":"https:\/\/mini-house.dk\/da\/wp-json\/wp\/v2\/comments?post=14"}],"version-history":[{"count":8,"href":"https:\/\/mini-house.dk\/da\/wp-json\/wp\/v2\/pages\/14\/revisions"}],"predecessor-version":[{"id":278,"href":"https:\/\/mini-house.dk\/da\/wp-json\/wp\/v2\/pages\/14\/revisions\/278"}],"wp:featuredmedia":[{"embeddable":true,"href":"https:\/\/mini-house.dk\/da\/wp-json\/wp\/v2\/media\/17"}],"wp:attachment":[{"href":"https:\/\/mini-house.dk\/da\/wp-json\/wp\/v2\/media?parent=14"}],"curies":[{"name":"wp","href":"https:\/\/api.w.org\/{rel}","templated":true}]}}