{"id":21,"date":"2015-03-20T10:55:10","date_gmt":"2015-03-20T10:55:10","guid":{"rendered":"http:\/\/mini-house.dk\/?page_id=21"},"modified":"2015-03-20T11:05:35","modified_gmt":"2015-03-20T11:05:35","slug":"visualization","status":"publish","type":"page","link":"https:\/\/mini-house.dk\/da\/visualization\/","title":{"rendered":"visualization"},"content":{"rendered":"<p>creation of 3d visualizations with 3d studio max and WebGl directly for the web browser<\/p>\n","protected":false},"excerpt":{"rendered":"<p>creation of 3d visualizations with 3d studio max and WebGl directly for the web browser<\/p>\n","protected":false},"author":1,"featured_media":11,"parent":0,"menu_order":0,"comment_status":"open","ping_status":"open","template":"","meta":{"footnotes":""},"class_list":["post-21","page","type-page","status-publish","has-post-thumbnail","czr-hentry"],"jetpack_sharing_enabled":true,"jetpack_shortlink":"https:\/\/wp.me\/P8H86H-l","jetpack-related-posts":[{"id":711,"url":"https:\/\/mini-house.dk\/da\/freelance-work-cad-drawings-and-3d-visualizations\/","url_meta":{"origin":21,"position":0},"title":"freelance arbejde &#8211; cad tegninger og 3d visualiseringer","author":"Susanne","date":"april 3, 2019","format":false,"excerpt":"mini-house tilbyder freelance arbejde til cad tegninger og 3d visualiseringer. Baseret p\u00e5 en fast pris pr. projekt eller timel\u00f8n.","rel":"","context":"Similar post","block_context":{"text":"Similar post","link":""},"img":{"alt_text":"","src":"","width":0,"height":0},"classes":[]},{"id":706,"url":"https:\/\/mini-house.dk\/da\/projects\/price-list-3\/","url_meta":{"origin":21,"position":1},"title":"prisliste","author":"Susanne","date":"april 1, 2019","format":false,"excerpt":"Hermed en\u00a0 prisliste over mini house's ydelser. G\u00e6lder fra maj 2019 indtil videre. \u00a0 Mini-house tilbyder et gratis og uforpligtende m\u00f8de i \u00c5rhus omr\u00e5de! \u00a0 1. skitseforslag for et minihus op til 40m2 pris 12.500,-kr inkl. moms For\u00e5rstilbud pris 8.500,-kr inkl. moms omfatter de f\u00f8lgende: m\u00f8de online eller personlig 1\u2026","rel":"","context":"Similar post","block_context":{"text":"Similar post","link":""},"img":{"alt_text":"myndighedstegninger","src":"https:\/\/i0.wp.com\/mini-house.dk\/wp-content\/uploads\/2017\/05\/myndighedstegninger2-300x300.png?resize=350%2C200","width":350,"height":200},"classes":[]}],"_links":{"self":[{"href":"https:\/\/mini-house.dk\/da\/wp-json\/wp\/v2\/pages\/21","targetHints":{"allow":["GET"]}}],"collection":[{"href":"https:\/\/mini-house.dk\/da\/wp-json\/wp\/v2\/pages"}],"about":[{"href":"https:\/\/mini-house.dk\/da\/wp-json\/wp\/v2\/types\/page"}],"author":[{"embeddable":true,"href":"https:\/\/mini-house.dk\/da\/wp-json\/wp\/v2\/users\/1"}],"replies":[{"embeddable":true,"href":"https:\/\/mini-house.dk\/da\/wp-json\/wp\/v2\/comments?post=21"}],"version-history":[{"count":2,"href":"https:\/\/mini-house.dk\/da\/wp-json\/wp\/v2\/pages\/21\/revisions"}],"predecessor-version":[{"id":26,"href":"https:\/\/mini-house.dk\/da\/wp-json\/wp\/v2\/pages\/21\/revisions\/26"}],"wp:featuredmedia":[{"embeddable":true,"href":"https:\/\/mini-house.dk\/da\/wp-json\/wp\/v2\/media\/11"}],"wp:attachment":[{"href":"https:\/\/mini-house.dk\/da\/wp-json\/wp\/v2\/media?parent=21"}],"curies":[{"name":"wp","href":"https:\/\/api.w.org\/{rel}","templated":true}]}}