{"id":264,"date":"2017-04-20T09:52:25","date_gmt":"2017-04-20T09:52:25","guid":{"rendered":"http:\/\/mini-house.dk\/?page_id=264"},"modified":"2021-10-10T07:24:55","modified_gmt":"2021-10-10T07:24:55","slug":"projects","status":"publish","type":"page","link":"https:\/\/mini-house.dk\/da\/projects\/","title":{"rendered":"projekter"},"content":{"rendered":"<div class=\"entry-content\">\n<div id=\"attachment_568\" style=\"width: 160px\" class=\"wp-caption alignleft\"><a href=\"http:\/\/mini-house.dk\/category\/mini_huse_til-solund_huse\/\"><img loading=\"lazy\" decoding=\"async\" aria-describedby=\"caption-attachment-568\" class=\"wp-image-568 size-thumbnail\" src=\"http:\/\/mini-house.dk\/wp-content\/uploads\/2018\/04\/visualisering_thumb-150x150.jpg\" alt=\"\" width=\"150\" height=\"150\" srcset=\"https:\/\/mini-house.dk\/wp-content\/uploads\/2018\/04\/visualisering_thumb-150x150.jpg 150w, https:\/\/mini-house.dk\/wp-content\/uploads\/2018\/04\/visualisering_thumb-1536x1536.jpg 1536w, https:\/\/mini-house.dk\/wp-content\/uploads\/2018\/04\/visualisering_thumb-300x300.jpg 300w, https:\/\/mini-house.dk\/wp-content\/uploads\/2018\/04\/visualisering_thumb-768x768.jpg 768w, https:\/\/mini-house.dk\/wp-content\/uploads\/2018\/04\/visualisering_thumb-1024x1024.jpg 1024w, https:\/\/mini-house.dk\/wp-content\/uploads\/2018\/04\/visualisering_thumb.jpg 1800w\" sizes=\"auto, (max-width: 150px) 100vw, 150px\" \/><\/a><p id=\"caption-attachment-568\" class=\"wp-caption-text\">mini huse til S\u00f8lund huse<\/p><\/div>\n<div id=\"attachment_677\" style=\"width: 160px\" class=\"wp-caption alignleft\"><a href=\"https:\/\/mini-house.dk\/da\/3d-visualizations-of-a-mini-house-for-a-company\/\"><img loading=\"lazy\" decoding=\"async\" aria-describedby=\"caption-attachment-677\" class=\"wp-image-677 size-thumbnail\" src=\"http:\/\/mini-house.dk\/wp-content\/uploads\/2017\/04\/logo_combigruppen-1-150x150.jpg\" alt=\"\" width=\"150\" height=\"150\" srcset=\"https:\/\/mini-house.dk\/wp-content\/uploads\/2017\/04\/logo_combigruppen-1-150x150.jpg 150w, https:\/\/mini-house.dk\/wp-content\/uploads\/2017\/04\/logo_combigruppen-1-1536x1536.jpg 1536w, https:\/\/mini-house.dk\/wp-content\/uploads\/2017\/04\/logo_combigruppen-1-300x300.jpg 300w, https:\/\/mini-house.dk\/wp-content\/uploads\/2017\/04\/logo_combigruppen-1-768x768.jpg 768w, https:\/\/mini-house.dk\/wp-content\/uploads\/2017\/04\/logo_combigruppen-1-1024x1024.jpg 1024w, https:\/\/mini-house.dk\/wp-content\/uploads\/2017\/04\/logo_combigruppen-1.jpg 1800w\" sizes=\"auto, (max-width: 150px) 100vw, 150px\" \/><\/a><p id=\"caption-attachment-677\" class=\"wp-caption-text\">visualiseringer til combigruppen<\/p><\/div>\n<\/div>\n<div class=\"entry-content\">\n<div id=\"attachment_730\" style=\"width: 160px\" class=\"wp-caption alignleft\"><a href=\"https:\/\/mini-house.dk\/da\/category\/extension-for-a-summerhouse\/\"><img loading=\"lazy\" decoding=\"async\" aria-describedby=\"caption-attachment-730\" class=\"wp-image-730 size-thumbnail\" src=\"http:\/\/mini-house.dk\/wp-content\/uploads\/2017\/04\/logo_helgenaes-1-150x150.png\" alt=\"\" width=\"150\" height=\"150\" \/><\/a><p id=\"caption-attachment-730\" class=\"wp-caption-text\">anneks p\u00e5 Helgen\u00e6s<\/p><\/div>\n<div id=\"attachment_832\" style=\"width: 160px\" class=\"wp-caption alignleft\"><a href=\"https:\/\/mini-house.dk\/da\/category\/architecture\/vaerksted-i-lystrup\/\"><img loading=\"lazy\" decoding=\"async\" aria-describedby=\"caption-attachment-832\" class=\"wp-image-832 size-thumbnail\" src=\"http:\/\/mini-house.dk\/wp-content\/uploads\/2021\/10\/morten_logo-150x150.png\" alt=\"\" width=\"150\" height=\"150\" srcset=\"https:\/\/mini-house.dk\/wp-content\/uploads\/2021\/10\/morten_logo-150x150.png 150w, https:\/\/mini-house.dk\/wp-content\/uploads\/2021\/10\/morten_logo-300x300.png 300w, https:\/\/mini-house.dk\/wp-content\/uploads\/2021\/10\/morten_logo-768x768.png 768w, https:\/\/mini-house.dk\/wp-content\/uploads\/2021\/10\/morten_logo.png 794w\" sizes=\"auto, (max-width: 150px) 100vw, 150px\" \/><\/a><p id=\"caption-attachment-832\" class=\"wp-caption-text\">v\u00e6rksted i Lystrup<\/p><\/div>\n<div id=\"attachment_819\" style=\"width: 160px\" class=\"wp-caption alignleft\"><a href=\"https:\/\/mini-house.dk\/da\/category\/architecture\/anneks-i-lumsaas\/\"><img loading=\"lazy\" decoding=\"async\" aria-describedby=\"caption-attachment-819\" class=\"wp-image-819 size-thumbnail\" src=\"http:\/\/mini-house.dk\/wp-content\/uploads\/2021\/10\/marie_logo-e1633767572345-150x150.png\" alt=\"\" width=\"150\" height=\"150\" srcset=\"https:\/\/mini-house.dk\/wp-content\/uploads\/2021\/10\/marie_logo-e1633767572345-150x150.png 150w, https:\/\/mini-house.dk\/wp-content\/uploads\/2021\/10\/marie_logo-e1633767572345-300x300.png 300w, https:\/\/mini-house.dk\/wp-content\/uploads\/2021\/10\/marie_logo-e1633767572345-768x768.png 768w, https:\/\/mini-house.dk\/wp-content\/uploads\/2021\/10\/marie_logo-e1633767572345-1024x1024.png 1024w, https:\/\/mini-house.dk\/wp-content\/uploads\/2021\/10\/marie_logo-e1633767572345.png 1169w\" sizes=\"auto, (max-width: 150px) 100vw, 150px\" \/><\/a><p id=\"caption-attachment-819\" class=\"wp-caption-text\">anneks i Lums\u00e5s<\/p><\/div>\n<div id=\"attachment_792\" style=\"width: 160px\" class=\"wp-caption alignleft\"><a href=\"https:\/\/mini-house.dk\/da\/category\/architecture\/skitseforslag-taglejlighed\/\"><img loading=\"lazy\" decoding=\"async\" aria-describedby=\"caption-attachment-792\" class=\"wp-image-792 size-thumbnail\" src=\"http:\/\/mini-house.dk\/wp-content\/uploads\/2021\/10\/pe_logo-1-150x150.png\" alt=\"\" width=\"150\" height=\"150\" srcset=\"https:\/\/mini-house.dk\/wp-content\/uploads\/2021\/10\/pe_logo-1-150x150.png 150w, https:\/\/mini-house.dk\/wp-content\/uploads\/2021\/10\/pe_logo-1-300x300.png 300w, https:\/\/mini-house.dk\/wp-content\/uploads\/2021\/10\/pe_logo-1-768x768.png 768w, https:\/\/mini-house.dk\/wp-content\/uploads\/2021\/10\/pe_logo-1.png 826w\" sizes=\"auto, (max-width: 150px) 100vw, 150px\" \/><\/a><p id=\"caption-attachment-792\" class=\"wp-caption-text\">skitseforslag taglejlighed<\/p><\/div>\n<div id=\"attachment_850\" style=\"width: 160px\" class=\"wp-caption alignleft\"><a href=\"https:\/\/mini-house.dk\/da\/category\/architecture\/sommerhus-i-thorsager\/\"><img loading=\"lazy\" decoding=\"async\" aria-describedby=\"caption-attachment-850\" class=\"wp-image-850 size-thumbnail\" src=\"http:\/\/mini-house.dk\/wp-content\/uploads\/2021\/10\/joachim_logo-150x150.png\" alt=\"\" width=\"150\" height=\"150\" srcset=\"https:\/\/mini-house.dk\/wp-content\/uploads\/2021\/10\/joachim_logo-150x150.png 150w, https:\/\/mini-house.dk\/wp-content\/uploads\/2021\/10\/joachim_logo-300x300.png 300w, https:\/\/mini-house.dk\/wp-content\/uploads\/2021\/10\/joachim_logo-768x768.png 768w, https:\/\/mini-house.dk\/wp-content\/uploads\/2021\/10\/joachim_logo.png 794w\" sizes=\"auto, (max-width: 150px) 100vw, 150px\" \/><\/a><p id=\"caption-attachment-850\" class=\"wp-caption-text\">sommerhus i Thorsager<\/p><\/div>\n<\/div>\n<div id=\"attachment_266\" style=\"width: 160px\" class=\"wp-caption alignleft\"><a href=\"http:\/\/mini-house.dk\/category\/kolonihavehus-moselund\/\"><img loading=\"lazy\" decoding=\"async\" aria-describedby=\"caption-attachment-266\" class=\"wp-image-266 size-thumbnail\" src=\"http:\/\/mini-house.dk\/wp-content\/uploads\/2017\/04\/baeredygtig_kolo-150x150.jpg\" alt=\"\" width=\"150\" height=\"150\" srcset=\"https:\/\/mini-house.dk\/wp-content\/uploads\/2017\/04\/baeredygtig_kolo-150x150.jpg 150w, https:\/\/mini-house.dk\/wp-content\/uploads\/2017\/04\/baeredygtig_kolo-1536x1536.jpg 1536w, https:\/\/mini-house.dk\/wp-content\/uploads\/2017\/04\/baeredygtig_kolo-300x300.jpg 300w, https:\/\/mini-house.dk\/wp-content\/uploads\/2017\/04\/baeredygtig_kolo-768x768.jpg 768w, https:\/\/mini-house.dk\/wp-content\/uploads\/2017\/04\/baeredygtig_kolo-1024x1024.jpg 1024w, https:\/\/mini-house.dk\/wp-content\/uploads\/2017\/04\/baeredygtig_kolo.jpg 1746w\" sizes=\"auto, (max-width: 150px) 100vw, 150px\" \/><\/a><p id=\"caption-attachment-266\" class=\"wp-caption-text\">kolonihave Moselund<\/p><\/div>\n<div id=\"attachment_401\" style=\"width: 160px\" class=\"wp-caption alignleft\"><a href=\"http:\/\/mini-house.dk\/category\/myndighedstegninger\/\"><img loading=\"lazy\" decoding=\"async\" aria-describedby=\"caption-attachment-401\" class=\"wp-image-401 size-thumbnail\" src=\"http:\/\/mini-house.dk\/wp-content\/uploads\/2017\/05\/myndighedstegninger2-150x150.png\" alt=\"myndighedstegninger\" width=\"150\" height=\"150\" srcset=\"https:\/\/mini-house.dk\/wp-content\/uploads\/2017\/05\/myndighedstegninger2-150x150.png 150w, https:\/\/mini-house.dk\/wp-content\/uploads\/2017\/05\/myndighedstegninger2-300x300.png 300w, https:\/\/mini-house.dk\/wp-content\/uploads\/2017\/05\/myndighedstegninger2.png 709w\" sizes=\"auto, (max-width: 150px) 100vw, 150px\" \/><\/a><p id=\"caption-attachment-401\" class=\"wp-caption-text\">myndighedstegninger<\/p><\/div>\n<div id=\"attachment_411\" style=\"width: 160px\" class=\"wp-caption alignleft\"><a href=\"http:\/\/mini-house.dk\/category\/modelling\/\"><img loading=\"lazy\" decoding=\"async\" aria-describedby=\"caption-attachment-411\" class=\"wp-image-411 size-thumbnail\" src=\"http:\/\/mini-house.dk\/wp-content\/uploads\/2017\/04\/model_logo-1-150x150.jpg\" alt=\"model\" width=\"150\" height=\"150\" srcset=\"https:\/\/mini-house.dk\/wp-content\/uploads\/2017\/04\/model_logo-1-150x150.jpg 150w, https:\/\/mini-house.dk\/wp-content\/uploads\/2017\/04\/model_logo-1-300x300.jpg 300w, https:\/\/mini-house.dk\/wp-content\/uploads\/2017\/04\/model_logo-1.jpg 685w\" sizes=\"auto, (max-width: 150px) 100vw, 150px\" \/><\/a><p id=\"caption-attachment-411\" class=\"wp-caption-text\">model<\/p><\/div>\n<div id=\"attachment_626\" style=\"width: 160px\" class=\"wp-caption alignleft\"><a href=\"http:\/\/mini-house.dk\/category\/visualisation_library_silkeborg\/\"><img loading=\"lazy\" decoding=\"async\" aria-describedby=\"caption-attachment-626\" class=\"wp-image-626 size-thumbnail\" src=\"http:\/\/mini-house.dk\/wp-content\/uploads\/2018\/07\/bib_silkeborg-150x150.jpg\" alt=\"\" width=\"150\" height=\"150\" srcset=\"https:\/\/mini-house.dk\/wp-content\/uploads\/2018\/07\/bib_silkeborg-150x150.jpg 150w, https:\/\/mini-house.dk\/wp-content\/uploads\/2018\/07\/bib_silkeborg-300x300.jpg 300w, https:\/\/mini-house.dk\/wp-content\/uploads\/2018\/07\/bib_silkeborg-768x768.jpg 768w, https:\/\/mini-house.dk\/wp-content\/uploads\/2018\/07\/bib_silkeborg.jpg 800w\" sizes=\"auto, (max-width: 150px) 100vw, 150px\" \/><\/a><p id=\"caption-attachment-626\" class=\"wp-caption-text\">visualisering af biblioteket i Silkeborg<\/p><\/div>\n","protected":false},"excerpt":{"rendered":"","protected":false},"author":1,"featured_media":0,"parent":0,"menu_order":0,"comment_status":"closed","ping_status":"closed","template":"","meta":{"footnotes":""},"class_list":["post-264","page","type-page","status-publish","czr-hentry"],"jetpack_sharing_enabled":true,"jetpack_shortlink":"https:\/\/wp.me\/P8H86H-4g","jetpack-related-posts":[{"id":293,"url":"https:\/\/mini-house.dk\/da\/","url_meta":{"origin":264,"position":0},"title":"arkitekt til b\u00e6redygtige mini huse","author":"Susanne","date":"april 26, 2017","format":false,"excerpt":"mini-house.dk- arkitekt for b\u00e6redygtige minihuse, f.eks kolonihavehuse, sommerhuse, husb\u00e5de eller tilbygninger. \"For at respektere vores planet og g\u00f8re vores v\u00e6sen p\u00e5 jorden lidt mere b\u00e6redygtig er mit m\u00e5l. At bygge b\u00e6redygtige mini huse blev min passion for at komme lidt t\u00e6ttere p\u00e5 dette m\u00e5l.\u201d mini-house samarbejder bl.a. med en leverand\u00f8r\u2026","rel":"","context":"Similar post","block_context":{"text":"Similar post","link":""},"img":{"alt_text":"","src":"","width":0,"height":0},"classes":[]},{"id":706,"url":"https:\/\/mini-house.dk\/da\/projects\/price-list-3\/","url_meta":{"origin":264,"position":1},"title":"prisliste","author":"Susanne","date":"april 1, 2019","format":false,"excerpt":"Hermed en\u00a0 prisliste over mini house's ydelser. G\u00e6lder fra maj 2019 indtil videre. \u00a0 Mini-house tilbyder et gratis og uforpligtende m\u00f8de i \u00c5rhus omr\u00e5de! \u00a0 1. skitseforslag for et minihus op til 40m2 pris 12.500,-kr inkl. moms For\u00e5rstilbud pris 8.500,-kr inkl. moms omfatter de f\u00f8lgende: m\u00f8de online eller personlig 1\u2026","rel":"","context":"Similar post","block_context":{"text":"Similar post","link":""},"img":{"alt_text":"myndighedstegninger","src":"https:\/\/i0.wp.com\/mini-house.dk\/wp-content\/uploads\/2017\/05\/myndighedstegninger2-300x300.png?resize=350%2C200","width":350,"height":200},"classes":[]}],"_links":{"self":[{"href":"https:\/\/mini-house.dk\/da\/wp-json\/wp\/v2\/pages\/264","targetHints":{"allow":["GET"]}}],"collection":[{"href":"https:\/\/mini-house.dk\/da\/wp-json\/wp\/v2\/pages"}],"about":[{"href":"https:\/\/mini-house.dk\/da\/wp-json\/wp\/v2\/types\/page"}],"author":[{"embeddable":true,"href":"https:\/\/mini-house.dk\/da\/wp-json\/wp\/v2\/users\/1"}],"replies":[{"embeddable":true,"href":"https:\/\/mini-house.dk\/da\/wp-json\/wp\/v2\/comments?post=264"}],"version-history":[{"count":52,"href":"https:\/\/mini-house.dk\/da\/wp-json\/wp\/v2\/pages\/264\/revisions"}],"predecessor-version":[{"id":853,"href":"https:\/\/mini-house.dk\/da\/wp-json\/wp\/v2\/pages\/264\/revisions\/853"}],"wp:attachment":[{"href":"https:\/\/mini-house.dk\/da\/wp-json\/wp\/v2\/media?parent=264"}],"curies":[{"name":"wp","href":"https:\/\/api.w.org\/{rel}","templated":true}]}}