{"id":28,"date":"2015-03-20T11:10:21","date_gmt":"2015-03-20T11:10:21","guid":{"rendered":"http:\/\/mini-house.dk\/?page_id=28"},"modified":"2025-10-06T08:31:26","modified_gmt":"2025-10-06T08:31:26","slug":"contact","status":"publish","type":"page","link":"https:\/\/mini-house.dk\/da\/contact\/","title":{"rendered":"kontakt"},"content":{"rendered":"<p><form method=\"post\" id=\"cntctfrm_contact_form_2\" class=\"cntctfrm_contact_form cntctfrm_one_column cntctfrm_ltr cntctfrm_width_default\" action=\"\/da\/wp-json\/wp\/v2\/pages\/28#cntctfrm_contact_form_2\" enctype=\"multipart\/form-data\"><div id=\"cntctfrm_first_column\" class=\"cntctfrm_column\"><div class=\"cntctfrm_field_wrap cntctfrm_field_name_wrap\"namecontact><div class=\"cntctfrm_label cntctfrm_label_name\">\n\t\t\t\t\t\t\t\t\t<label for=\"cntctfrm_contact_name_2\">Name: <span class=\"required\">*<\/span><\/label><\/div><div class=\"cntctfrm_input cntctfrm_input_name\">\n\t\t\t\t\t\t\t\t\t<input namecontact class=\"text\" type=\"text\" size=\"40\" pattern=\"^([\\p{L}\\p{M}]{2,}(\\s)*(\\p{L}+\\p{M}*-*){1,})|([\\p{L}\\p{M}]{3,})\" title=\"Indtast venligst kun bogstaver p\u00e5 mindst 3 tegn, ord adskilt af mellemrum\" value=\"\" name=\"cntctfrm_contact_name\" id=\"cntctfrm_contact_name_2\" \/><\/div><\/div><div class=\"cntctfrm_field_wrap cntctfrm_field_email_wrap\"email><div class=\"cntctfrm_label cntctfrm_label_email\">\n\t\t\t\t\t\t\t\t\t<label for=\"cntctfrm_contact_email_2\">Email Address: <span class=\"required\">*<\/span><\/label>\n\t\t\t\t\t\t\t\t<\/div><div class=\"cntctfrm_input cntctfrm_input_email\">\n\t\t\t\t\t\t\t\t\t<input email class=\"text\" type=\"email\" size=\"40\" value=\"\" name=\"cntctfrm_contact_email\" id=\"cntctfrm_contact_email_2\" \/><\/div><\/div><div class=\"cntctfrm_field_wrap cntctfrm_field_subject_wrap\"subject><div class=\"cntctfrm_label cntctfrm_label_subject\">\n\t\t\t\t\t\t\t\t\t<label for=\"cntctfrm_contact_subject_2\">Subject: <span class=\"required\">*<\/span><\/label>\n\t\t\t\t\t\t\t\t<\/div><div class=\"cntctfrm_input cntctfrm_input_subject\">\n\t\t\t\t\t\t\t\t<input subject pattern=\"^([\\p{M}\\p{L}]{1,}(\\s\\p{M}*\\p{L}+-*)*){3,}\" title=\"Indtast venligst kun bogstaver p\u00e5 mindst 3 tegn, ord adskilt af mellemrum\" class=\"text\" type=\"text\" size=\"40\" value=\"\" name=\"cntctfrm_contact_subject\" id=\"cntctfrm_contact_subject_2\" \/><\/div><\/div><div class=\"cntctfrm_field_wrap cntctfrm_field_message_wrap\"message><div class=\"cntctfrm_label cntctfrm_label_message\">\n\t\t\t\t\t\t\t\t<label for=\"cntctfrm_contact_message_2\">Message: <span class=\"required\">*<\/span><\/label>\n\t\t\t\t\t\t\t<\/div><div class=\"cntctfrm_input cntctfrm_input_message\">\n\t\t\t\t\t\t\t\t<textarea message rows=\"5\" cols=\"30\"name=\"cntctfrm_contact_message\" id=\"cntctfrm_contact_message_2\"><\/textarea><\/div><\/div><\/div><div class=\"clear\"><\/div><div class=\"cntctfrm_submit_wrap\"><div id=\"cntctfrm_submit_first_column\" class=\"cntctfrm_column\"><div class=\"cntctfrm_input cntctfrm_input_submit\"><input type=\"hidden\" value=\"send\" name=\"cntctfrm_contact_action\">\n\t\t\t\t\t\t\t<input type=\"hidden\" value=\"default\" name=\"cntctfrm_language\">\n\t\t\t\t\t\t\t<input type=\"hidden\" value=\"2\" name=\"cntctfrm_form_submited\">\n\t\t\t\t\t\t\t<input type=\"hidden\" value=\"cntctfrm_options\" name=\"cntctfrm_options_name\">\n\t\t\t\t\t\t\t<input type=\"submit\" value=\"Submit\" class=\"cntctfrm_contact_submit\" \/>\n\t\t\t\t\t\t<\/div><\/div><div id=\"cntctfrm_submit_second_column\" class=\"cntctfrm_column\"><\/div><div class=\"clear\"><\/div>\n\t\t\t<\/div>\n\t\t\t<\/form><\/p>\n<p><a href=\"https:\/\/mini-house.dk\/wp-content\/uploads\/2025\/10\/gruebchen.png\"><img loading=\"lazy\" decoding=\"async\" class=\"alignnone wp-image-923\" src=\"https:\/\/mini-house.dk\/wp-content\/uploads\/2025\/10\/gruebchen-300x300.png\" alt=\"\" width=\"219\" height=\"219\" srcset=\"https:\/\/mini-house.dk\/wp-content\/uploads\/2025\/10\/gruebchen-300x300.png 300w, https:\/\/mini-house.dk\/wp-content\/uploads\/2025\/10\/gruebchen-150x150.png 150w, https:\/\/mini-house.dk\/wp-content\/uploads\/2025\/10\/gruebchen.png 406w\" sizes=\"auto, (max-width: 219px) 100vw, 219px\" \/><\/a><\/p>\n<p>mini-house.dk<\/p>\n<p>by concept 3<\/p>\n<p>c\/o Susanne Benfer<\/p>\n<p>Teglv\u00e6rksgade 8, 3.tv<\/p>\n<p>8000 \u00c5rhus C<\/p>\n<p>Danmark<\/p>\n<p>phone: +45 60 69 27 73<\/p>\n<p>cvr nummer: dk 31322758<\/p>","protected":false},"excerpt":{"rendered":"<p>mini-house.dk by concept 3 c\/o Susanne Benfer Teglv\u00e6rksgade 8, 3.tv 8000 \u00c5rhus C Danmark phone: +45 60 69 27 73 cvr nummer: dk 31322758<\/p>\n","protected":false},"author":1,"featured_media":0,"parent":0,"menu_order":0,"comment_status":"open","ping_status":"open","template":"","meta":{"footnotes":""},"class_list":["post-28","page","type-page","status-publish","czr-hentry"],"jetpack_sharing_enabled":true,"jetpack_shortlink":"https:\/\/wp.me\/P8H86H-s","jetpack-related-posts":[{"id":293,"url":"https:\/\/mini-house.dk\/da\/","url_meta":{"origin":28,"position":0},"title":"arkitekt til b\u00e6redygtige mini huse","author":"Susanne","date":"april 26, 2017","format":false,"excerpt":"mini-house.dk- arkitekt for b\u00e6redygtige minihuse, f.eks kolonihavehuse, sommerhuse, husb\u00e5de eller tilbygninger. \"For at respektere vores planet og g\u00f8re vores v\u00e6sen p\u00e5 jorden lidt mere b\u00e6redygtig er mit m\u00e5l. At bygge b\u00e6redygtige mini huse blev min passion for at komme lidt t\u00e6ttere p\u00e5 dette m\u00e5l.\u201d mini-house samarbejder bl.a. med en leverand\u00f8r\u2026","rel":"","context":"Similar post","block_context":{"text":"Similar post","link":""},"img":{"alt_text":"","src":"","width":0,"height":0},"classes":[]},{"id":39,"url":"https:\/\/mini-house.dk\/da\/blog\/","url_meta":{"origin":28,"position":1},"title":"blog","author":"Susanne","date":"marts 20, 2015","format":false,"excerpt":"follow us in our blog with recent projects","rel":"","context":"Similar post","block_context":{"text":"Similar post","link":""},"img":{"alt_text":"","src":"","width":0,"height":0},"classes":[]},{"id":264,"url":"https:\/\/mini-house.dk\/da\/projects\/","url_meta":{"origin":28,"position":2},"title":"projekter","author":"Susanne","date":"april 20, 2017","format":false,"excerpt":"","rel":"","context":"Similar post","block_context":{"text":"Similar post","link":""},"img":{"alt_text":"","src":"https:\/\/i0.wp.com\/mini-house.dk\/wp-content\/uploads\/2018\/04\/visualisering_thumb-150x150.jpg?resize=350%2C200","width":350,"height":200},"classes":[]},{"id":688,"url":"https:\/\/mini-house.dk\/da\/projects\/videos\/","url_meta":{"origin":28,"position":3},"title":"videos","author":"Susanne","date":"december 10, 2018","format":false,"excerpt":"https:\/\/www.youtube.com\/watch?v=vXTCPJsxnrg https:\/\/www.youtube.com\/watch?v=x2QLpmMNS90 https:\/\/www.youtube.com\/watch?v=UfcFRg00Jnk","rel":"","context":"Similar post","block_context":{"text":"Similar post","link":""},"img":{"alt_text":"","src":"https:\/\/i0.wp.com\/img.youtube.com\/vi\/vXTCPJsxnrg\/0.jpg?resize=350%2C200","width":350,"height":200},"classes":[]},{"id":711,"url":"https:\/\/mini-house.dk\/da\/freelance-work-cad-drawings-and-3d-visualizations\/","url_meta":{"origin":28,"position":4},"title":"freelance arbejde &#8211; cad tegninger og 3d visualiseringer","author":"Susanne","date":"april 3, 2019","format":false,"excerpt":"mini-house tilbyder freelance arbejde til cad tegninger og 3d visualiseringer. Baseret p\u00e5 en fast pris pr. projekt eller timel\u00f8n.","rel":"","context":"Similar post","block_context":{"text":"Similar post","link":""},"img":{"alt_text":"","src":"","width":0,"height":0},"classes":[]},{"id":706,"url":"https:\/\/mini-house.dk\/da\/projects\/price-list-3\/","url_meta":{"origin":28,"position":5},"title":"prisliste","author":"Susanne","date":"april 1, 2019","format":false,"excerpt":"Hermed en\u00a0 prisliste over mini house's ydelser. G\u00e6lder fra maj 2019 indtil videre. \u00a0 Mini-house tilbyder et gratis og uforpligtende m\u00f8de i \u00c5rhus omr\u00e5de! \u00a0 1. skitseforslag for et minihus op til 40m2 pris 12.500,-kr inkl. moms For\u00e5rstilbud pris 8.500,-kr inkl. moms omfatter de f\u00f8lgende: m\u00f8de online eller personlig 1\u2026","rel":"","context":"Similar post","block_context":{"text":"Similar post","link":""},"img":{"alt_text":"myndighedstegninger","src":"https:\/\/i0.wp.com\/mini-house.dk\/wp-content\/uploads\/2017\/05\/myndighedstegninger2-300x300.png?resize=350%2C200","width":350,"height":200},"classes":[]}],"_links":{"self":[{"href":"https:\/\/mini-house.dk\/da\/wp-json\/wp\/v2\/pages\/28","targetHints":{"allow":["GET"]}}],"collection":[{"href":"https:\/\/mini-house.dk\/da\/wp-json\/wp\/v2\/pages"}],"about":[{"href":"https:\/\/mini-house.dk\/da\/wp-json\/wp\/v2\/types\/page"}],"author":[{"embeddable":true,"href":"https:\/\/mini-house.dk\/da\/wp-json\/wp\/v2\/users\/1"}],"replies":[{"embeddable":true,"href":"https:\/\/mini-house.dk\/da\/wp-json\/wp\/v2\/comments?post=28"}],"version-history":[{"count":18,"href":"https:\/\/mini-house.dk\/da\/wp-json\/wp\/v2\/pages\/28\/revisions"}],"predecessor-version":[{"id":925,"href":"https:\/\/mini-house.dk\/da\/wp-json\/wp\/v2\/pages\/28\/revisions\/925"}],"wp:attachment":[{"href":"https:\/\/mini-house.dk\/da\/wp-json\/wp\/v2\/media?parent=28"}],"curies":[{"name":"wp","href":"https:\/\/api.w.org\/{rel}","templated":true}]}}