{"id":293,"date":"2017-04-26T09:13:33","date_gmt":"2017-04-26T09:13:33","guid":{"rendered":"http:\/\/mini-house.dk\/?page_id=293"},"modified":"2025-10-28T11:27:05","modified_gmt":"2025-10-28T11:27:05","slug":"sustainable-mini-houses","status":"publish","type":"page","link":"https:\/\/mini-house.dk\/da\/","title":{"rendered":"arkitekt til b\u00e6redygtige mini huse"},"content":{"rendered":"<p><strong>mini-house.dk- arkitekt for b\u00e6redygtige minihuse, f.eks kolonihavehuse, sommerhuse, husb\u00e5de eller tilbygninger.<\/strong><\/p>\n<p><em>&#8220;For at respektere vores planet og g\u00f8re vores v\u00e6sen p\u00e5 jorden lidt mere b\u00e6redygtig er mit m\u00e5l. At bygge b\u00e6redygtige mini huse blev min passion for at komme lidt t\u00e6ttere p\u00e5 dette m\u00e5l.\u201d<\/em><\/p>\n<p>mini-house samarbejder bl.a. med en leverand\u00f8r af sm\u00e5 bj\u00e6lkehuse og element huse. Disse typer af husene er nemme at samle selv, s\u00e5 det er mulig med et lille budget at bygge sit eget hus. Huse best\u00e5r af ren grantr\u00e6 og uden forurenende emissioner.<\/p>\n<p><strong>Leder du efter en mulighed for at bygge et b\u00e6redygtigt mini-hus, som du har r\u00e5d til?<\/strong><\/p>\n<p>Mini-house.dk kan hj\u00e6lpe dig med at g\u00f8re din dr\u00f8m til virkelighed.<br \/>\nDet er ligegyldigt, om du allerede har en detaljeret ide, eller du vil starte fra bunden og s\u00f8ger inspiration. For enhver situation kan vi give dig et tilbud, du ikke kan modst\u00e5.<br \/>\nMini-house tilbyder bj\u00e6lkehuse til en pris, der ligger under priserne p\u00e5 andre konkurrenter p\u00e5 markedet, og derudover er der arkitektonisk r\u00e5dgivning inkluderet.<br \/>\nF\u00e5 et arkitekttegnet, b\u00e6redygtigt hus, hvor materialer er uden farlige emissioner, og hvor form og funktion giver dig en rummelig f\u00f8lelse. Byg et mini-hus for at bruge s\u00e5 lidt ressourcer som muligt og uden at stresse din \u00f8konomi.<br \/>\nSpar penge ved at ans\u00e6tte mini-house til din husbygning.<br \/>\nNogle af vores byggematerialer bliver leveret fra Tyskland, og har fremragende kvalitet til en fantastisk pris.<br \/>\nKontakt os for et uforpligtende tilbud.<br \/>\nVi ser frem til at h\u00f8re fra dig og g\u00f8re denne verden lidt mere b\u00e6redygtig. \ud83d\ude42<\/p>\n<p>Mini-house er drevet af arkitekt Susanne Benfer, som har erfaringer i Danmark, Tyskland, Holland og Norge.<\/p>","protected":false},"excerpt":{"rendered":"<p>mini-house.dk- arkitekt for b\u00e6redygtige minihuse, f.eks kolonihavehuse, sommerhuse, husb\u00e5de eller tilbygninger. &#8220;For at respektere vores planet og g\u00f8re vores v\u00e6sen p\u00e5 jorden lidt mere b\u00e6redygtig er mit m\u00e5l. At bygge b\u00e6redygtige mini huse blev min passion for at komme lidt t\u00e6ttere p\u00e5 dette m\u00e5l.\u201d mini-house samarbejder bl.a. med en leverand\u00f8r af sm\u00e5 bj\u00e6lkehuse og element [&hellip;]<\/p>\n","protected":false},"author":1,"featured_media":0,"parent":0,"menu_order":0,"comment_status":"closed","ping_status":"closed","template":"","meta":{"footnotes":""},"class_list":["post-293","page","type-page","status-publish","czr-hentry"],"jetpack_sharing_enabled":true,"jetpack_shortlink":"https:\/\/wp.me\/P8H86H-4J","jetpack-related-posts":[{"id":39,"url":"https:\/\/mini-house.dk\/da\/blog\/","url_meta":{"origin":293,"position":0},"title":"blog","author":"Susanne","date":"marts 20, 2015","format":false,"excerpt":"follow us in our blog with recent projects","rel":"","context":"Similar post","block_context":{"text":"Similar post","link":""},"img":{"alt_text":"","src":"","width":0,"height":0},"classes":[]},{"id":711,"url":"https:\/\/mini-house.dk\/da\/freelance-work-cad-drawings-and-3d-visualizations\/","url_meta":{"origin":293,"position":1},"title":"freelance arbejde &#8211; cad tegninger og 3d visualiseringer","author":"Susanne","date":"april 3, 2019","format":false,"excerpt":"mini-house tilbyder freelance arbejde til cad tegninger og 3d visualiseringer. Baseret p\u00e5 en fast pris pr. projekt eller timel\u00f8n.","rel":"","context":"Similar post","block_context":{"text":"Similar post","link":""},"img":{"alt_text":"","src":"","width":0,"height":0},"classes":[]},{"id":28,"url":"https:\/\/mini-house.dk\/da\/contact\/","url_meta":{"origin":293,"position":2},"title":"kontakt","author":"Susanne","date":"marts 20, 2015","format":false,"excerpt":"mini-house.dk by concept 3 c\/o Susanne Benfer Teglv\u00e6rksgade 8, 3.tv 8000 \u00c5rhus C Danmark phone: +45 60 69 27 73 cvr nummer: dk 31322758","rel":"","context":"Similar post","block_context":{"text":"Similar post","link":""},"img":{"alt_text":"","src":"https:\/\/i0.wp.com\/mini-house.dk\/wp-content\/uploads\/2025\/10\/gruebchen-300x300.png?resize=350%2C200&ssl=1","width":350,"height":200},"classes":[]},{"id":688,"url":"https:\/\/mini-house.dk\/da\/projects\/videos\/","url_meta":{"origin":293,"position":3},"title":"videos","author":"Susanne","date":"december 10, 2018","format":false,"excerpt":"https:\/\/www.youtube.com\/watch?v=vXTCPJsxnrg https:\/\/www.youtube.com\/watch?v=x2QLpmMNS90 https:\/\/www.youtube.com\/watch?v=UfcFRg00Jnk","rel":"","context":"Similar post","block_context":{"text":"Similar post","link":""},"img":{"alt_text":"","src":"https:\/\/i0.wp.com\/img.youtube.com\/vi\/vXTCPJsxnrg\/0.jpg?resize=350%2C200","width":350,"height":200},"classes":[]},{"id":264,"url":"https:\/\/mini-house.dk\/da\/projects\/","url_meta":{"origin":293,"position":4},"title":"projekter","author":"Susanne","date":"april 20, 2017","format":false,"excerpt":"","rel":"","context":"Similar post","block_context":{"text":"Similar post","link":""},"img":{"alt_text":"","src":"https:\/\/i0.wp.com\/mini-house.dk\/wp-content\/uploads\/2018\/04\/visualisering_thumb-150x150.jpg?resize=350%2C200","width":350,"height":200},"classes":[]},{"id":706,"url":"https:\/\/mini-house.dk\/da\/projects\/price-list-3\/","url_meta":{"origin":293,"position":5},"title":"prisliste","author":"Susanne","date":"april 1, 2019","format":false,"excerpt":"Hermed en\u00a0 prisliste over mini house's ydelser. G\u00e6lder fra maj 2019 indtil videre. \u00a0 Mini-house tilbyder et gratis og uforpligtende m\u00f8de i \u00c5rhus omr\u00e5de! \u00a0 1. skitseforslag for et minihus op til 40m2 pris 12.500,-kr inkl. moms For\u00e5rstilbud pris 8.500,-kr inkl. moms omfatter de f\u00f8lgende: m\u00f8de online eller personlig 1\u2026","rel":"","context":"Similar post","block_context":{"text":"Similar post","link":""},"img":{"alt_text":"myndighedstegninger","src":"https:\/\/i0.wp.com\/mini-house.dk\/wp-content\/uploads\/2017\/05\/myndighedstegninger2-300x300.png?resize=350%2C200","width":350,"height":200},"classes":[]}],"_links":{"self":[{"href":"https:\/\/mini-house.dk\/da\/wp-json\/wp\/v2\/pages\/293","targetHints":{"allow":["GET"]}}],"collection":[{"href":"https:\/\/mini-house.dk\/da\/wp-json\/wp\/v2\/pages"}],"about":[{"href":"https:\/\/mini-house.dk\/da\/wp-json\/wp\/v2\/types\/page"}],"author":[{"embeddable":true,"href":"https:\/\/mini-house.dk\/da\/wp-json\/wp\/v2\/users\/1"}],"replies":[{"embeddable":true,"href":"https:\/\/mini-house.dk\/da\/wp-json\/wp\/v2\/comments?post=293"}],"version-history":[{"count":16,"href":"https:\/\/mini-house.dk\/da\/wp-json\/wp\/v2\/pages\/293\/revisions"}],"predecessor-version":[{"id":1012,"href":"https:\/\/mini-house.dk\/da\/wp-json\/wp\/v2\/pages\/293\/revisions\/1012"}],"wp:attachment":[{"href":"https:\/\/mini-house.dk\/da\/wp-json\/wp\/v2\/media?parent=293"}],"curies":[{"name":"wp","href":"https:\/\/api.w.org\/{rel}","templated":true}]}}