{"id":688,"date":"2018-12-10T07:33:49","date_gmt":"2018-12-10T07:33:49","guid":{"rendered":"http:\/\/mini-house.dk\/?page_id=688"},"modified":"2018-12-10T07:33:49","modified_gmt":"2018-12-10T07:33:49","slug":"videos","status":"publish","type":"page","link":"https:\/\/mini-house.dk\/da\/projects\/videos\/","title":{"rendered":"videos"},"content":{"rendered":"<p><iframe loading=\"lazy\" title=\"bj\u00e6lkehus med skruefundament p\u00e5 Helgen\u00e6s\" width=\"1170\" height=\"878\" src=\"https:\/\/www.youtube.com\/embed\/vXTCPJsxnrg?feature=oembed\" frameborder=\"0\" allow=\"accelerometer; autoplay; clipboard-write; encrypted-media; gyroscope; picture-in-picture; web-share\" referrerpolicy=\"strict-origin-when-cross-origin\" allowfullscreen><\/iframe><\/p>\n<p><iframe loading=\"lazy\" title=\"Building a mini log house in less than an hour, part 2\" width=\"1170\" height=\"658\" src=\"https:\/\/www.youtube.com\/embed\/x2QLpmMNS90?feature=oembed\" frameborder=\"0\" allow=\"accelerometer; autoplay; clipboard-write; encrypted-media; gyroscope; picture-in-picture; web-share\" referrerpolicy=\"strict-origin-when-cross-origin\" allowfullscreen><\/iframe><\/p>\n<p><iframe loading=\"lazy\" title=\"Building a mini log house in less than 1 hour\" width=\"1170\" height=\"658\" src=\"https:\/\/www.youtube.com\/embed\/UfcFRg00Jnk?feature=oembed\" frameborder=\"0\" allow=\"accelerometer; autoplay; clipboard-write; encrypted-media; gyroscope; picture-in-picture; web-share\" referrerpolicy=\"strict-origin-when-cross-origin\" allowfullscreen><\/iframe><\/p>\n","protected":false},"excerpt":{"rendered":"","protected":false},"author":1,"featured_media":0,"parent":264,"menu_order":0,"comment_status":"closed","ping_status":"closed","template":"","meta":{"footnotes":""},"class_list":["post-688","page","type-page","status-publish","czr-hentry"],"jetpack_sharing_enabled":true,"jetpack_shortlink":"https:\/\/wp.me\/P8H86H-b6","jetpack-related-posts":[],"_links":{"self":[{"href":"https:\/\/mini-house.dk\/da\/wp-json\/wp\/v2\/pages\/688","targetHints":{"allow":["GET"]}}],"collection":[{"href":"https:\/\/mini-house.dk\/da\/wp-json\/wp\/v2\/pages"}],"about":[{"href":"https:\/\/mini-house.dk\/da\/wp-json\/wp\/v2\/types\/page"}],"author":[{"embeddable":true,"href":"https:\/\/mini-house.dk\/da\/wp-json\/wp\/v2\/users\/1"}],"replies":[{"embeddable":true,"href":"https:\/\/mini-house.dk\/da\/wp-json\/wp\/v2\/comments?post=688"}],"version-history":[{"count":2,"href":"https:\/\/mini-house.dk\/da\/wp-json\/wp\/v2\/pages\/688\/revisions"}],"predecessor-version":[{"id":690,"href":"https:\/\/mini-house.dk\/da\/wp-json\/wp\/v2\/pages\/688\/revisions\/690"}],"up":[{"embeddable":true,"href":"https:\/\/mini-house.dk\/da\/wp-json\/wp\/v2\/pages\/264"}],"wp:attachment":[{"href":"https:\/\/mini-house.dk\/da\/wp-json\/wp\/v2\/media?parent=688"}],"curies":[{"name":"wp","href":"https:\/\/api.w.org\/{rel}","templated":true}]}}