{"id":706,"date":"2019-04-01T13:47:48","date_gmt":"2019-04-01T13:47:48","guid":{"rendered":"http:\/\/mini-house.dk\/?page_id=706"},"modified":"2019-05-07T12:54:54","modified_gmt":"2019-05-07T12:54:54","slug":"price-list-3","status":"publish","type":"page","link":"https:\/\/mini-house.dk\/da\/projects\/price-list-3\/","title":{"rendered":"prisliste"},"content":{"rendered":"<p>Hermed en\u00a0 prisliste over mini house&#8217;s ydelser.<\/p>\n<p>G\u00e6lder fra maj 2019 indtil videre.<\/p>\n<p>&nbsp;<\/p>\n<p><strong>Mini-house tilbyder et gratis og uforpligtende m\u00f8de i \u00c5rhus omr\u00e5de!<\/strong><\/p>\n<p>&nbsp;<\/p>\n<p><strong><span id=\"result_box\" class=\"\" lang=\"en\"><a href=\"http:\/\/mini-house.dk\/wp-content\/uploads\/2017\/05\/myndighedstegninger2.png\"><img loading=\"lazy\" decoding=\"async\" class=\"alignnone wp-image-401\" src=\"http:\/\/mini-house.dk\/wp-content\/uploads\/2017\/05\/myndighedstegninger2-300x300.png\" alt=\"myndighedstegninger\" width=\"100\" height=\"100\" srcset=\"https:\/\/mini-house.dk\/wp-content\/uploads\/2017\/05\/myndighedstegninger2-300x300.png 300w, https:\/\/mini-house.dk\/wp-content\/uploads\/2017\/05\/myndighedstegninger2-150x150.png 150w, https:\/\/mini-house.dk\/wp-content\/uploads\/2017\/05\/myndighedstegninger2.png 709w\" sizes=\"auto, (max-width: 100px) 100vw, 100px\" \/><\/a><\/span><a href=\"http:\/\/mini-house.dk\/wp-content\/uploads\/2018\/04\/visualisering_thumb2.jpg\"><img loading=\"lazy\" decoding=\"async\" class=\"alignnone wp-image-569\" src=\"http:\/\/mini-house.dk\/wp-content\/uploads\/2018\/04\/visualisering_thumb2-300x300.jpg\" alt=\"\" width=\"100\" height=\"100\" srcset=\"https:\/\/mini-house.dk\/wp-content\/uploads\/2018\/04\/visualisering_thumb2-300x300.jpg 300w, https:\/\/mini-house.dk\/wp-content\/uploads\/2018\/04\/visualisering_thumb2-1536x1536.jpg 1536w, https:\/\/mini-house.dk\/wp-content\/uploads\/2018\/04\/visualisering_thumb2-150x150.jpg 150w, https:\/\/mini-house.dk\/wp-content\/uploads\/2018\/04\/visualisering_thumb2-768x768.jpg 768w, https:\/\/mini-house.dk\/wp-content\/uploads\/2018\/04\/visualisering_thumb2-1024x1024.jpg 1024w, https:\/\/mini-house.dk\/wp-content\/uploads\/2018\/04\/visualisering_thumb2.jpg 1800w\" sizes=\"auto, (max-width: 100px) 100vw, 100px\" \/><\/a><a href=\"http:\/\/mini-house.dk\/wp-content\/uploads\/2018\/04\/visualisering_thumb.jpg\"><img loading=\"lazy\" decoding=\"async\" class=\"alignnone wp-image-568\" src=\"http:\/\/mini-house.dk\/wp-content\/uploads\/2018\/04\/visualisering_thumb-300x300.jpg\" alt=\"\" width=\"100\" height=\"100\" srcset=\"https:\/\/mini-house.dk\/wp-content\/uploads\/2018\/04\/visualisering_thumb-300x300.jpg 300w, https:\/\/mini-house.dk\/wp-content\/uploads\/2018\/04\/visualisering_thumb-1536x1536.jpg 1536w, https:\/\/mini-house.dk\/wp-content\/uploads\/2018\/04\/visualisering_thumb-150x150.jpg 150w, https:\/\/mini-house.dk\/wp-content\/uploads\/2018\/04\/visualisering_thumb-768x768.jpg 768w, https:\/\/mini-house.dk\/wp-content\/uploads\/2018\/04\/visualisering_thumb-1024x1024.jpg 1024w, https:\/\/mini-house.dk\/wp-content\/uploads\/2018\/04\/visualisering_thumb.jpg 1800w\" sizes=\"auto, (max-width: 100px) 100vw, 100px\" \/><\/a><\/strong><\/p>\n<p><strong>1. skitseforslag for et minihus op til 40m2<\/strong><br \/>\n<strong><del>pris 12.500,-kr inkl. moms <\/del><\/strong><\/p>\n<p><strong>For\u00e5rstilbud<\/strong><\/p>\n<h2><strong>pris 8.500,-kr inkl. moms<br \/>\n<\/strong><\/h2>\n<p>omfatter de f\u00f8lgende:<br \/>\nm\u00f8de online eller personlig<br \/>\n1 skitseforslag til huset baseret p\u00e5 m\u00f8de<br \/>\n1 s\u00e6t 3d autocad tegninger<br \/>\n1 s\u00e6t myndighedstegninger<br \/>\n3 stk. visualiseringer<\/p>\n<p>&nbsp;<\/p>\n<p><strong>1b. skitseforslag for et minihus op til 70m2 <\/strong><\/p>\n<p><del><strong>pris 15.000,-kr inkl. moms<\/strong><\/del><\/p>\n<p><strong>For\u00e5rstilbud<\/strong><\/p>\n<h2><strong>pris\u00a0 9.500,-kr inkl. moms\u00a0\u00a0<\/strong><\/h2>\n<p><span id=\"result_box\" class=\"short_text\" lang=\"da\"><span class=\"\">indeholder: se ovenfor<\/span><\/span><\/p>\n<p><strong>1c. skitseforslag for et minihus over 70m2 <\/strong><\/p>\n<p><strong>pris p\u00e5 anmodning<br \/>\n<\/strong><\/p>\n<p><span id=\"result_box\" class=\"short_text\" lang=\"da\"><span class=\"\">indeholder: se ovenfor<\/span><\/span><\/p>\n<p>2.Pris for yderligere redegering af skitseforslag<\/p>\n<p>(visualiseringer, myndighedstegninger, autocad tegninger)<\/p>\n<p>ud over pakke 1 sker efter aftale<\/p>\n<p>&nbsp;<\/p>\n<p><span id=\"result_box\" class=\"\" lang=\"en\"><a href=\"http:\/\/mini-house.dk\/wp-content\/uploads\/2017\/05\/myndighedstegninger2.png\"><img loading=\"lazy\" decoding=\"async\" class=\"alignnone wp-image-401\" src=\"http:\/\/mini-house.dk\/wp-content\/uploads\/2017\/05\/myndighedstegninger2-300x300.png\" alt=\"myndighedstegninger\" width=\"100\" height=\"100\" srcset=\"https:\/\/mini-house.dk\/wp-content\/uploads\/2017\/05\/myndighedstegninger2-300x300.png 300w, https:\/\/mini-house.dk\/wp-content\/uploads\/2017\/05\/myndighedstegninger2-150x150.png 150w, https:\/\/mini-house.dk\/wp-content\/uploads\/2017\/05\/myndighedstegninger2.png 709w\" sizes=\"auto, (max-width: 100px) 100vw, 100px\" \/><\/a><\/span><\/p>\n<p><strong>3. myndighedstegninger<\/strong><\/p>\n<p><strong>pris per time 625,-kr inkl. moms<\/strong><\/p>\n<p>udarbejde af myndighedstegninger i autocad (2d\/3d)<\/p>\n<p>fra 2000,-kr.<\/p>\n<p>&nbsp;<\/p>\n<p>Hvis du allerede selv har en id\u00e9 om hvordan dit mini hus skal se ud<\/p>\n<p>og bare har brug for myndighedstegninger,<\/p>\n<p>er dette den rette ydelse til dig.<\/p>\n<p>Send os dine h\u00e5ndskitser (bedst med m\u00e5l), og vi kan aftale en fast pris p\u00e5 forh\u00e5nd.<\/p>\n<p>&nbsp;<\/p>\n<p>&nbsp;<\/p>\n<p><a href=\"http:\/\/mini-house.dk\/wp-content\/uploads\/2018\/04\/visualisering_thumb2.jpg\"><img loading=\"lazy\" decoding=\"async\" class=\"alignnone wp-image-569\" src=\"http:\/\/mini-house.dk\/wp-content\/uploads\/2018\/04\/visualisering_thumb2-300x300.jpg\" alt=\"\" width=\"100\" height=\"100\" srcset=\"https:\/\/mini-house.dk\/wp-content\/uploads\/2018\/04\/visualisering_thumb2-300x300.jpg 300w, https:\/\/mini-house.dk\/wp-content\/uploads\/2018\/04\/visualisering_thumb2-1536x1536.jpg 1536w, https:\/\/mini-house.dk\/wp-content\/uploads\/2018\/04\/visualisering_thumb2-150x150.jpg 150w, https:\/\/mini-house.dk\/wp-content\/uploads\/2018\/04\/visualisering_thumb2-768x768.jpg 768w, https:\/\/mini-house.dk\/wp-content\/uploads\/2018\/04\/visualisering_thumb2-1024x1024.jpg 1024w, https:\/\/mini-house.dk\/wp-content\/uploads\/2018\/04\/visualisering_thumb2.jpg 1800w\" sizes=\"auto, (max-width: 100px) 100vw, 100px\" \/><\/a><a href=\"http:\/\/mini-house.dk\/wp-content\/uploads\/2018\/04\/visualisering_thumb.jpg\"><img loading=\"lazy\" decoding=\"async\" class=\"alignnone wp-image-568\" src=\"http:\/\/mini-house.dk\/wp-content\/uploads\/2018\/04\/visualisering_thumb-300x300.jpg\" alt=\"\" width=\"100\" height=\"100\" srcset=\"https:\/\/mini-house.dk\/wp-content\/uploads\/2018\/04\/visualisering_thumb-300x300.jpg 300w, https:\/\/mini-house.dk\/wp-content\/uploads\/2018\/04\/visualisering_thumb-1536x1536.jpg 1536w, https:\/\/mini-house.dk\/wp-content\/uploads\/2018\/04\/visualisering_thumb-150x150.jpg 150w, https:\/\/mini-house.dk\/wp-content\/uploads\/2018\/04\/visualisering_thumb-768x768.jpg 768w, https:\/\/mini-house.dk\/wp-content\/uploads\/2018\/04\/visualisering_thumb-1024x1024.jpg 1024w, https:\/\/mini-house.dk\/wp-content\/uploads\/2018\/04\/visualisering_thumb.jpg 1800w\" sizes=\"auto, (max-width: 100px) 100vw, 100px\" \/><\/a><img loading=\"lazy\" decoding=\"async\" class=\"alignnone wp-image-570\" src=\"http:\/\/mini-house.dk\/wp-content\/uploads\/2018\/04\/visualisering_thumb3-300x300.jpg\" alt=\"\" width=\"100\" height=\"100\" srcset=\"https:\/\/mini-house.dk\/wp-content\/uploads\/2018\/04\/visualisering_thumb3-300x300.jpg 300w, https:\/\/mini-house.dk\/wp-content\/uploads\/2018\/04\/visualisering_thumb3-1536x1536.jpg 1536w, https:\/\/mini-house.dk\/wp-content\/uploads\/2018\/04\/visualisering_thumb3-150x150.jpg 150w, https:\/\/mini-house.dk\/wp-content\/uploads\/2018\/04\/visualisering_thumb3-768x768.jpg 768w, https:\/\/mini-house.dk\/wp-content\/uploads\/2018\/04\/visualisering_thumb3-1024x1024.jpg 1024w, https:\/\/mini-house.dk\/wp-content\/uploads\/2018\/04\/visualisering_thumb3.jpg 1800w\" sizes=\"auto, (max-width: 100px) 100vw, 100px\" \/><\/p>\n<p><strong>4. 3d visualiseringer<\/strong><\/p>\n<p><strong>pris 1500,-kr inkl. moms<\/strong><\/p>\n<p>1 s\u00e6t 3d visualiseringer best\u00e5ende af 3 stk visualiseringer<\/p>\n<p>(2 interieur\/1 exterieur)<\/p>\n<p>lavet af\u00a0 eksisterende 3d Autocad eller Revit tegninger<\/p>\n<p><strong>4b. pris for 1 billede 3d visualisering derudover 625,-kr inkl. moms<\/strong><\/p>\n<p>&nbsp;<\/p>\n<p><a href=\"http:\/\/mini-house.dk\/wp-content\/uploads\/2017\/04\/model_logo-1.jpg\"><img loading=\"lazy\" decoding=\"async\" class=\"wp-image-411\" src=\"http:\/\/mini-house.dk\/wp-content\/uploads\/2017\/04\/model_logo-1-300x300.jpg\" alt=\"model\" width=\"100\" height=\"100\" srcset=\"https:\/\/mini-house.dk\/wp-content\/uploads\/2017\/04\/model_logo-1-300x300.jpg 300w, https:\/\/mini-house.dk\/wp-content\/uploads\/2017\/04\/model_logo-1-150x150.jpg 150w, https:\/\/mini-house.dk\/wp-content\/uploads\/2017\/04\/model_logo-1.jpg 685w\" sizes=\"auto, (max-width: 100px) 100vw, 100px\" \/><\/a><\/p>\n<p><strong>5. model af skitseforslag for huse op til 40m2<\/strong><\/p>\n<p><strong>pris 2000,-kr inkl moms<\/strong><\/p>\n<p>lavet af eksisterende 2d autocad tegninger<\/p>\n<p>model lavet med laser cutter af tr\u00e6<\/p>\n<p>materiale er inkluderet i prisen<\/p>\n<p>At have en model kan v\u00e6re et godt v\u00e6rkt\u00f8j til at forestille sig slutresultatet.<br \/>\nM\u00e5lestok er 1:50.<\/p>\n<p><a href=\"http:\/\/mini-house.dk\/wp-content\/uploads\/2018\/04\/bj\u00e6lkehus_levering_logo.jpg\"><img loading=\"lazy\" decoding=\"async\" class=\"alignnone wp-image-607 size-thumbnail\" src=\"http:\/\/mini-house.dk\/wp-content\/uploads\/2018\/04\/bj\u00e6lkehus_levering_logo-150x150.jpg\" alt=\"\" width=\"150\" height=\"150\" srcset=\"https:\/\/mini-house.dk\/wp-content\/uploads\/2018\/04\/bj\u00e6lkehus_levering_logo-150x150.jpg 150w, https:\/\/mini-house.dk\/wp-content\/uploads\/2018\/04\/bj\u00e6lkehus_levering_logo-1536x1536.jpg 1536w, https:\/\/mini-house.dk\/wp-content\/uploads\/2018\/04\/bj\u00e6lkehus_levering_logo-2048x2048.jpg 2048w, https:\/\/mini-house.dk\/wp-content\/uploads\/2018\/04\/bj\u00e6lkehus_levering_logo-300x300.jpg 300w, https:\/\/mini-house.dk\/wp-content\/uploads\/2018\/04\/bj\u00e6lkehus_levering_logo-768x768.jpg 768w, https:\/\/mini-house.dk\/wp-content\/uploads\/2018\/04\/bj\u00e6lkehus_levering_logo-1024x1024.jpg 1024w\" sizes=\"auto, (max-width: 150px) 100vw, 150px\" \/><\/a><\/p>\n<p><strong>6. saml -selv-s\u00e6t af bj\u00e6lkehus eller elementhus<\/strong><\/p>\n<p>arkitektonisk r\u00e5dgivning er inkluderet i prisen<\/p>\n<p>&nbsp;<\/p>\n<p>pris for 20m2 fra 55.000,-kr<\/p>\n<p>pris for 40m2 fra 100.00,-kr<\/p>\n<p>pris for hus over 40m2 efter foresp\u00f8rgsel<\/p>\n<p>&nbsp;<\/p>\n<p>Hvis du beslutter dig at bestille huset og skitseforslag (se 1, 1b, 1c)<\/p>\n<p>hos mini-house,\u00a0 <span lang=\"da-DK\">vil 75% af prisen for skitseforslag tr\u00e6kkes fra. <\/span><\/p>","protected":false},"excerpt":{"rendered":"<p>Hermed en\u00a0 prisliste over mini house&#8217;s ydelser. G\u00e6lder fra maj 2019 indtil videre. &nbsp; Mini-house tilbyder et gratis og uforpligtende m\u00f8de i \u00c5rhus omr\u00e5de! &nbsp; 1. skitseforslag for et minihus op til 40m2 pris 12.500,-kr inkl. moms For\u00e5rstilbud pris 8.500,-kr inkl. moms omfatter de f\u00f8lgende: m\u00f8de online eller personlig 1 skitseforslag til huset baseret p\u00e5 [&hellip;]<\/p>\n","protected":false},"author":1,"featured_media":0,"parent":264,"menu_order":0,"comment_status":"closed","ping_status":"closed","template":"","meta":{"footnotes":""},"class_list":["post-706","page","type-page","status-publish","czr-hentry"],"jetpack_sharing_enabled":true,"jetpack_shortlink":"https:\/\/wp.me\/P8H86H-bo","jetpack-related-posts":[{"id":711,"url":"https:\/\/mini-house.dk\/da\/freelance-work-cad-drawings-and-3d-visualizations\/","url_meta":{"origin":706,"position":0},"title":"freelance arbejde &#8211; cad tegninger og 3d visualiseringer","author":"Susanne","date":"april 3, 2019","format":false,"excerpt":"mini-house tilbyder freelance arbejde til cad tegninger og 3d visualiseringer. Baseret p\u00e5 en fast pris pr. projekt eller timel\u00f8n.","rel":"","context":"Similar post","block_context":{"text":"Similar post","link":""},"img":{"alt_text":"","src":"","width":0,"height":0},"classes":[]},{"id":293,"url":"https:\/\/mini-house.dk\/da\/","url_meta":{"origin":706,"position":1},"title":"arkitekt til b\u00e6redygtige mini huse","author":"Susanne","date":"april 26, 2017","format":false,"excerpt":"mini-house.dk- arkitekt for b\u00e6redygtige minihuse, f.eks kolonihavehuse, sommerhuse, husb\u00e5de eller tilbygninger. \"For at respektere vores planet og g\u00f8re vores v\u00e6sen p\u00e5 jorden lidt mere b\u00e6redygtig er mit m\u00e5l. At bygge b\u00e6redygtige mini huse blev min passion for at komme lidt t\u00e6ttere p\u00e5 dette m\u00e5l.\u201d mini-house samarbejder bl.a. med en leverand\u00f8r\u2026","rel":"","context":"Similar post","block_context":{"text":"Similar post","link":""},"img":{"alt_text":"","src":"","width":0,"height":0},"classes":[]}],"_links":{"self":[{"href":"https:\/\/mini-house.dk\/da\/wp-json\/wp\/v2\/pages\/706","targetHints":{"allow":["GET"]}}],"collection":[{"href":"https:\/\/mini-house.dk\/da\/wp-json\/wp\/v2\/pages"}],"about":[{"href":"https:\/\/mini-house.dk\/da\/wp-json\/wp\/v2\/types\/page"}],"author":[{"embeddable":true,"href":"https:\/\/mini-house.dk\/da\/wp-json\/wp\/v2\/users\/1"}],"replies":[{"embeddable":true,"href":"https:\/\/mini-house.dk\/da\/wp-json\/wp\/v2\/comments?post=706"}],"version-history":[{"count":11,"href":"https:\/\/mini-house.dk\/da\/wp-json\/wp\/v2\/pages\/706\/revisions"}],"predecessor-version":[{"id":747,"href":"https:\/\/mini-house.dk\/da\/wp-json\/wp\/v2\/pages\/706\/revisions\/747"}],"up":[{"embeddable":true,"href":"https:\/\/mini-house.dk\/da\/wp-json\/wp\/v2\/pages\/264"}],"wp:attachment":[{"href":"https:\/\/mini-house.dk\/da\/wp-json\/wp\/v2\/media?parent=706"}],"curies":[{"name":"wp","href":"https:\/\/api.w.org\/{rel}","templated":true}]}}