{"id":711,"date":"2019-04-03T08:21:51","date_gmt":"2019-04-03T08:21:51","guid":{"rendered":"http:\/\/mini-house.dk\/?page_id=711"},"modified":"2019-04-03T08:21:51","modified_gmt":"2019-04-03T08:21:51","slug":"freelance-work-cad-drawings-and-3d-visualizations","status":"publish","type":"page","link":"https:\/\/mini-house.dk\/da\/freelance-work-cad-drawings-and-3d-visualizations\/","title":{"rendered":"freelance arbejde &#8211; cad tegninger og 3d visualiseringer"},"content":{"rendered":"<p><span class=\"tlid-translation translation\" lang=\"da\"><span class=\"\" title=\"\">mini-house tilbyder freelance arbejde til cad tegninger og 3d visualiseringer.<\/span><\/p>\n<p><span class=\"\" title=\"\">Baseret p\u00e5 en fast pris pr. projekt eller timel\u00f8n.<\/span><\/span><\/p>","protected":false},"excerpt":{"rendered":"<p>mini-house tilbyder freelance arbejde til cad tegninger og 3d visualiseringer. Baseret p\u00e5 en fast pris pr. projekt eller timel\u00f8n.<\/p>\n","protected":false},"author":1,"featured_media":0,"parent":0,"menu_order":0,"comment_status":"closed","ping_status":"closed","template":"","meta":{"footnotes":""},"class_list":["post-711","page","type-page","status-publish","czr-hentry"],"jetpack_sharing_enabled":true,"jetpack_shortlink":"https:\/\/wp.me\/P8H86H-bt","jetpack-related-posts":[{"id":706,"url":"https:\/\/mini-house.dk\/da\/projects\/price-list-3\/","url_meta":{"origin":711,"position":0},"title":"prisliste","author":"Susanne","date":"april 1, 2019","format":false,"excerpt":"Hermed en\u00a0 prisliste over mini house's ydelser. G\u00e6lder fra maj 2019 indtil videre. \u00a0 Mini-house tilbyder et gratis og uforpligtende m\u00f8de i \u00c5rhus omr\u00e5de! \u00a0 1. skitseforslag for et minihus op til 40m2 pris 12.500,-kr inkl. moms For\u00e5rstilbud pris 8.500,-kr inkl. moms omfatter de f\u00f8lgende: m\u00f8de online eller personlig 1\u2026","rel":"","context":"Similar post","block_context":{"text":"Similar post","link":""},"img":{"alt_text":"myndighedstegninger","src":"https:\/\/i0.wp.com\/mini-house.dk\/wp-content\/uploads\/2017\/05\/myndighedstegninger2-300x300.png?resize=350%2C200","width":350,"height":200},"classes":[]},{"id":264,"url":"https:\/\/mini-house.dk\/da\/projects\/","url_meta":{"origin":711,"position":1},"title":"projekter","author":"Susanne","date":"april 20, 2017","format":false,"excerpt":"","rel":"","context":"Similar post","block_context":{"text":"Similar post","link":""},"img":{"alt_text":"","src":"https:\/\/i0.wp.com\/mini-house.dk\/wp-content\/uploads\/2018\/04\/visualisering_thumb-150x150.jpg?resize=350%2C200","width":350,"height":200},"classes":[]},{"id":293,"url":"https:\/\/mini-house.dk\/da\/","url_meta":{"origin":711,"position":2},"title":"arkitekt til b\u00e6redygtige mini huse","author":"Susanne","date":"april 26, 2017","format":false,"excerpt":"mini-house.dk- arkitekt for b\u00e6redygtige minihuse, f.eks kolonihavehuse, sommerhuse, husb\u00e5de eller tilbygninger. \"For at respektere vores planet og g\u00f8re vores v\u00e6sen p\u00e5 jorden lidt mere b\u00e6redygtig er mit m\u00e5l. At bygge b\u00e6redygtige mini huse blev min passion for at komme lidt t\u00e6ttere p\u00e5 dette m\u00e5l.\u201d mini-house samarbejder bl.a. med en leverand\u00f8r\u2026","rel":"","context":"Similar post","block_context":{"text":"Similar post","link":""},"img":{"alt_text":"","src":"","width":0,"height":0},"classes":[]},{"id":28,"url":"https:\/\/mini-house.dk\/da\/contact\/","url_meta":{"origin":711,"position":3},"title":"kontakt","author":"Susanne","date":"marts 20, 2015","format":false,"excerpt":"mini-house.dk by concept 3 c\/o Susanne Benfer Teglv\u00e6rksgade 8, 3.tv 8000 \u00c5rhus C Danmark phone: +45 60 69 27 73 cvr nummer: dk 31322758","rel":"","context":"Similar post","block_context":{"text":"Similar post","link":""},"img":{"alt_text":"","src":"https:\/\/i0.wp.com\/mini-house.dk\/wp-content\/uploads\/2025\/10\/gruebchen-300x300.png?resize=350%2C200&ssl=1","width":350,"height":200},"classes":[]},{"id":39,"url":"https:\/\/mini-house.dk\/da\/blog\/","url_meta":{"origin":711,"position":4},"title":"blog","author":"Susanne","date":"marts 20, 2015","format":false,"excerpt":"follow us in our blog with recent projects","rel":"","context":"Similar post","block_context":{"text":"Similar post","link":""},"img":{"alt_text":"","src":"","width":0,"height":0},"classes":[]},{"id":688,"url":"https:\/\/mini-house.dk\/da\/projects\/videos\/","url_meta":{"origin":711,"position":5},"title":"videos","author":"Susanne","date":"december 10, 2018","format":false,"excerpt":"https:\/\/www.youtube.com\/watch?v=vXTCPJsxnrg https:\/\/www.youtube.com\/watch?v=x2QLpmMNS90 https:\/\/www.youtube.com\/watch?v=UfcFRg00Jnk","rel":"","context":"Similar post","block_context":{"text":"Similar post","link":""},"img":{"alt_text":"","src":"https:\/\/i0.wp.com\/img.youtube.com\/vi\/vXTCPJsxnrg\/0.jpg?resize=350%2C200","width":350,"height":200},"classes":[]}],"_links":{"self":[{"href":"https:\/\/mini-house.dk\/da\/wp-json\/wp\/v2\/pages\/711","targetHints":{"allow":["GET"]}}],"collection":[{"href":"https:\/\/mini-house.dk\/da\/wp-json\/wp\/v2\/pages"}],"about":[{"href":"https:\/\/mini-house.dk\/da\/wp-json\/wp\/v2\/types\/page"}],"author":[{"embeddable":true,"href":"https:\/\/mini-house.dk\/da\/wp-json\/wp\/v2\/users\/1"}],"replies":[{"embeddable":true,"href":"https:\/\/mini-house.dk\/da\/wp-json\/wp\/v2\/comments?post=711"}],"version-history":[{"count":1,"href":"https:\/\/mini-house.dk\/da\/wp-json\/wp\/v2\/pages\/711\/revisions"}],"predecessor-version":[{"id":712,"href":"https:\/\/mini-house.dk\/da\/wp-json\/wp\/v2\/pages\/711\/revisions\/712"}],"wp:attachment":[{"href":"https:\/\/mini-house.dk\/da\/wp-json\/wp\/v2\/media?parent=711"}],"curies":[{"name":"wp","href":"https:\/\/api.w.org\/{rel}","templated":true}]}}